{"id":501,"date":"2020-03-16T15:46:36","date_gmt":"2020-03-16T15:46:36","guid":{"rendered":"https:\/\/the7.io\/elementor-minimal-creative-light\/?page_id=501"},"modified":"2024-05-02T17:21:52","modified_gmt":"2024-05-02T23:21:52","slug":"estrategia","status":"publish","type":"page","link":"https:\/\/eco-mr.com\/3.0\/experiencia\/estrategia\/","title":{"rendered":"Estrategia"},"content":{"rendered":"\t\t<div data-elementor-type=\"wp-page\" data-elementor-id=\"501\" class=\"elementor elementor-501\" data-elementor-post-type=\"page\">\n\t\t\t\t\t\t<section class=\"elementor-section elementor-top-section elementor-element elementor-element-420016b elementor-section-boxed elementor-section-height-default elementor-section-height-default\" data-id=\"420016b\" data-element_type=\"section\" data-e-type=\"section\">\n\t\t\t\t\t\t<div class=\"elementor-container elementor-column-gap-wider\">\n\t\t\t\t\t<div class=\"elementor-column elementor-col-100 elementor-top-column elementor-element elementor-element-d25fe61\" data-id=\"d25fe61\" data-element_type=\"column\" data-e-type=\"column\">\n\t\t\t<div class=\"elementor-widget-wrap elementor-element-populated\">\n\t\t\t\t\t\t<div class=\"elementor-element elementor-element-ee6e44f elementor-widget elementor-widget-heading\" data-id=\"ee6e44f\" data-element_type=\"widget\" data-e-type=\"widget\" data-widget_type=\"heading.default\">\n\t\t\t\t<div class=\"elementor-widget-container\">\n\t\t\t\t\t<h1 class=\"elementor-heading-title elementor-size-default\">Estrategia<\/h1>\t\t\t\t<\/div>\n\t\t\t\t<\/div>\n\t\t\t\t<div class=\"elementor-element elementor-element-9d2bbd4 elementor-widget elementor-widget-spacer\" data-id=\"9d2bbd4\" data-element_type=\"widget\" data-e-type=\"widget\" data-widget_type=\"spacer.default\">\n\t\t\t\t<div class=\"elementor-widget-container\">\n\t\t\t\t\t\t\t<div class=\"elementor-spacer\">\n\t\t\t<div class=\"elementor-spacer-inner\"><\/div>\n\t\t<\/div>\n\t\t\t\t\t\t<\/div>\n\t\t\t\t<\/div>\n\t\t\t\t<div class=\"elementor-element elementor-element-25d5c4a elementor-widget elementor-widget-text-editor\" data-id=\"25d5c4a\" data-element_type=\"widget\" data-e-type=\"widget\" data-widget_type=\"text-editor.default\">\n\t\t\t\t<div class=\"elementor-widget-container\">\n\t\t\t\t\t\t\t\t\t<p>Estos son algunas metodolog\u00edas que permiten crear v\u00edas estrat\u00e9gicas para el desarrollo de su empresa<\/p>\t\t\t\t\t\t\t\t<\/div>\n\t\t\t\t<\/div>\n\t\t\t\t\t<\/div>\n\t\t<\/div>\n\t\t\t\t\t<\/div>\n\t\t<\/section>\n\t\t\t\t<section class=\"elementor-section elementor-top-section elementor-element elementor-element-335aa21 elementor-section-boxed elementor-section-height-default elementor-section-height-default\" data-id=\"335aa21\" data-element_type=\"section\" data-e-type=\"section\">\n\t\t\t\t\t\t<div class=\"elementor-container elementor-column-gap-wider\">\n\t\t\t\t\t<div class=\"elementor-column elementor-col-100 elementor-top-column elementor-element elementor-element-9eac6fd\" data-id=\"9eac6fd\" data-element_type=\"column\" data-e-type=\"column\">\n\t\t\t<div class=\"elementor-widget-wrap elementor-element-populated\">\n\t\t\t\t\t\t<div class=\"elementor-element elementor-element-8750a85 preserve-img-ratio-cover elementor-widget elementor-widget-the7_elements\" data-id=\"8750a85\" data-element_type=\"widget\" data-e-type=\"widget\" data-widget_type=\"the7_elements.default\">\n\t\t\t\t<div class=\"elementor-widget-container\">\n\t\t\t\t\t<div class=\"portfolio-shortcode the7-elementor-widget the7_elements-8750a85 mode-grid dt-css-grid-wrap bottom-overlap-layout-list description-under-image meta-info-off content-bg-on resize-by-browser-width widget-with-filter loading-effect-none jquery-filter\" data-padding=\"60px\" data-mobile-columns-num=\"1\" data-tablet-columns-num=\"\" data-desktop-columns-num=\"3\" data-wide-desktop-columns-num=\"3\" data-post-limit=\"12\" data-pagination-mode=\"load-more\" data-scroll-offset=\"\" aria-live=\"assertive\"><div class=\"dt-css-grid custom-pagination-handler\"><div class=\"visible wf-cell category-62\" data-post-id=\"6391\" data-date=\"2022-06-28T10:00:30-06:00\" data-name=\"Design Thinking\"><article class=\"post visible post-6391 dt_portfolio type-dt_portfolio status-publish has-post-thumbnail hentry dt_portfolio_category-estrategia\" data-name=\"Design Thinking\" data-date=\"2022-06-28T10:00:30-06:00\">\n\n\t<div class=\"post-thumbnail-wrap\">\n\t\t<div class=\"post-thumbnail\">\n\n\t\t\t<a class=\"post-thumbnail-rollover layzr-bg img-css-resize-wrapper\" aria-label=\"Post image\" href=\"https:\/\/eco-mr.com\/3.0\/contenido\/design-thinking\/\"><img fetchpriority=\"high\" decoding=\"async\" width=\"1081\" height=\"720\" src=\"data:image\/svg+xml,%3Csvg%20xmlns%3D&#039;http%3A%2F%2Fwww.w3.org%2F2000%2Fsvg&#039;%20viewBox%3D&#039;0%200%201081%20720&#039;%2F%3E\" class=\"attachment-full size-full preload-me aspect lazy lazy-load\" alt=\"\" sizes=\"(max-width: 1081px) 100vw, 1081px\" style=\"--ratio: 1081 \/ 720;\" data-src=\"https:\/\/eco-mr.com\/3.0\/wp-content\/uploads\/2022\/06\/Design-Thinking_Estrategia.png\" loading=\"eager\" data-srcset=\"https:\/\/i0.wp.com\/eco-mr.com\/3.0\/wp-content\/uploads\/2022\/06\/Design-Thinking_Estrategia.png?w=1081&amp;ssl=1 1081w, https:\/\/i0.wp.com\/eco-mr.com\/3.0\/wp-content\/uploads\/2022\/06\/Design-Thinking_Estrategia.png?resize=300%2C200&amp;ssl=1 300w, https:\/\/i0.wp.com\/eco-mr.com\/3.0\/wp-content\/uploads\/2022\/06\/Design-Thinking_Estrategia.png?resize=1024%2C682&amp;ssl=1 1024w, https:\/\/i0.wp.com\/eco-mr.com\/3.0\/wp-content\/uploads\/2022\/06\/Design-Thinking_Estrategia.png?resize=768%2C512&amp;ssl=1 768w\" \/><\/a>\n\t\t<\/div>\n\t<\/div>\n\n\n<div class=\"post-entry-content\">\n\n\t<h3 class=\"ele-entry-title\"><a href=\"https:\/\/eco-mr.com\/3.0\/contenido\/design-thinking\/\" rel=\"bookmark\" title=\"Design Thinking\">Design Thinking<\/a><\/h3><div class=\"entry-excerpt\"><p>Dise\u00f1ar ideas enfocadas en soluciones<\/p>\n<\/div>\n<\/div><\/article><\/div><div class=\"visible wf-cell category-62\" data-post-id=\"6400\" data-date=\"2022-06-28T10:24:05-06:00\" data-name=\"Workshops\"><article class=\"post visible post-6400 dt_portfolio type-dt_portfolio status-publish has-post-thumbnail hentry dt_portfolio_category-estrategia\" data-name=\"Workshops\" data-date=\"2022-06-28T10:24:05-06:00\">\n\n\t<div class=\"post-thumbnail-wrap\">\n\t\t<div class=\"post-thumbnail\">\n\n\t\t\t<a class=\"post-thumbnail-rollover layzr-bg img-css-resize-wrapper\" aria-label=\"Post image\" href=\"https:\/\/eco-mr.com\/3.0\/contenido\/workshops\/\"><img decoding=\"async\" width=\"960\" height=\"535\" src=\"data:image\/svg+xml,%3Csvg%20xmlns%3D&#039;http%3A%2F%2Fwww.w3.org%2F2000%2Fsvg&#039;%20viewBox%3D&#039;0%200%20960%20535&#039;%2F%3E\" class=\"attachment-full size-full preload-me aspect lazy lazy-load\" alt=\"\" sizes=\"(max-width: 960px) 100vw, 960px\" style=\"--ratio: 960 \/ 535;\" data-src=\"https:\/\/eco-mr.com\/3.0\/wp-content\/uploads\/2022\/06\/Workshops_Estrategia.png\" loading=\"eager\" data-srcset=\"https:\/\/i0.wp.com\/eco-mr.com\/3.0\/wp-content\/uploads\/2022\/06\/Workshops_Estrategia.png?w=960&amp;ssl=1 960w, https:\/\/i0.wp.com\/eco-mr.com\/3.0\/wp-content\/uploads\/2022\/06\/Workshops_Estrategia.png?resize=300%2C167&amp;ssl=1 300w, https:\/\/i0.wp.com\/eco-mr.com\/3.0\/wp-content\/uploads\/2022\/06\/Workshops_Estrategia.png?resize=768%2C428&amp;ssl=1 768w\" \/><\/a>\n\t\t<\/div>\n\t<\/div>\n\n\n<div class=\"post-entry-content\">\n\n\t<h3 class=\"ele-entry-title\"><a href=\"https:\/\/eco-mr.com\/3.0\/contenido\/workshops\/\" rel=\"bookmark\" title=\"Workshops\">Workshops<\/a><\/h3><div class=\"entry-excerpt\"><p>Aprendizajes en acci\u00f3n<\/p>\n<\/div>\n<\/div><\/article><\/div><\/div><!-- iso-container|iso-grid --><div class=\"paginator filter-decorations paginator-more-button filter-pointer-background\">\n\t\t\t\t<a class=\"button-load-more highlighted filter-item\" href=\"javascript:void(0);\" data-dt-page=\"1\" ><span class=\"button-caption\">Load more<\/span><i aria-hidden=\"true\" class=\"feather feather-more-horizontal\"><\/i><\/a>\n\t\t\t<\/div><\/div>\t\t\t\t<\/div>\n\t\t\t\t<\/div>\n\t\t\t\t\t<\/div>\n\t\t<\/div>\n\t\t\t\t\t<\/div>\n\t\t<\/section>\n\t\t\t\t<\/div>\n\t\t","protected":false},"excerpt":{"rendered":"<p>Estos son algunas metodolog\u00edas que permiten crear v\u00edas estrat\u00e9gicas para el desarrollo de su empresa Design Thinking Dise\u00f1ar ideas enfocadas en soluciones Workshops Aprendizajes en acci\u00f3n Load more<\/p>\n","protected":false},"author":1,"featured_media":0,"parent":496,"menu_order":30,"comment_status":"closed","ping_status":"closed","template":"","meta":{"content-type":"","footnotes":""},"class_list":["post-501","page","type-page","status-publish","hentry"],"jetpack_sharing_enabled":true,"_links":{"self":[{"href":"https:\/\/eco-mr.com\/3.0\/wp-json\/wp\/v2\/pages\/501","targetHints":{"allow":["GET"]}}],"collection":[{"href":"https:\/\/eco-mr.com\/3.0\/wp-json\/wp\/v2\/pages"}],"about":[{"href":"https:\/\/eco-mr.com\/3.0\/wp-json\/wp\/v2\/types\/page"}],"author":[{"embeddable":true,"href":"https:\/\/eco-mr.com\/3.0\/wp-json\/wp\/v2\/users\/1"}],"replies":[{"embeddable":true,"href":"https:\/\/eco-mr.com\/3.0\/wp-json\/wp\/v2\/comments?post=501"}],"version-history":[{"count":56,"href":"https:\/\/eco-mr.com\/3.0\/wp-json\/wp\/v2\/pages\/501\/revisions"}],"predecessor-version":[{"id":8831,"href":"https:\/\/eco-mr.com\/3.0\/wp-json\/wp\/v2\/pages\/501\/revisions\/8831"}],"up":[{"embeddable":true,"href":"https:\/\/eco-mr.com\/3.0\/wp-json\/wp\/v2\/pages\/496"}],"wp:attachment":[{"href":"https:\/\/eco-mr.com\/3.0\/wp-json\/wp\/v2\/media?parent=501"}],"curies":[{"name":"wp","href":"https:\/\/api.w.org\/{rel}","templated":true}]}}