{"id":7536,"date":"2022-07-26T12:18:06","date_gmt":"2022-07-26T18:18:06","guid":{"rendered":"https:\/\/eco-mr.com\/3.0\/?page_id=7536"},"modified":"2022-12-14T11:42:32","modified_gmt":"2022-12-14T17:42:32","slug":"personas","status":"publish","type":"page","link":"https:\/\/eco-mr.com\/3.0\/experiencia\/personas\/","title":{"rendered":"Personas"},"content":{"rendered":"\t\t<div data-elementor-type=\"wp-page\" data-elementor-id=\"7536\" class=\"elementor elementor-7536\" data-elementor-post-type=\"page\">\n\t\t\t\t\t\t<section class=\"elementor-section elementor-top-section elementor-element elementor-element-eb79e41 elementor-section-boxed elementor-section-height-default elementor-section-height-default\" data-id=\"eb79e41\" data-element_type=\"section\" data-e-type=\"section\">\n\t\t\t\t\t\t<div class=\"elementor-container elementor-column-gap-wider\">\n\t\t\t\t\t<div class=\"elementor-column elementor-col-100 elementor-top-column elementor-element elementor-element-843fedd\" data-id=\"843fedd\" data-element_type=\"column\" data-e-type=\"column\">\n\t\t\t<div class=\"elementor-widget-wrap elementor-element-populated\">\n\t\t\t\t\t\t<div class=\"elementor-element elementor-element-095120c elementor-widget elementor-widget-heading\" data-id=\"095120c\" data-element_type=\"widget\" data-e-type=\"widget\" data-widget_type=\"heading.default\">\n\t\t\t\t<div class=\"elementor-widget-container\">\n\t\t\t\t\t<h1 class=\"elementor-heading-title elementor-size-default\">Personas<\/h1>\t\t\t\t<\/div>\n\t\t\t\t<\/div>\n\t\t\t\t<div class=\"elementor-element elementor-element-294c7f4 elementor-widget elementor-widget-spacer\" data-id=\"294c7f4\" data-element_type=\"widget\" data-e-type=\"widget\" data-widget_type=\"spacer.default\">\n\t\t\t\t<div class=\"elementor-widget-container\">\n\t\t\t\t\t\t\t<div class=\"elementor-spacer\">\n\t\t\t<div class=\"elementor-spacer-inner\"><\/div>\n\t\t<\/div>\n\t\t\t\t\t\t<\/div>\n\t\t\t\t<\/div>\n\t\t\t\t<div class=\"elementor-element elementor-element-c5ca008 elementor-widget elementor-widget-text-editor\" data-id=\"c5ca008\" data-element_type=\"widget\" data-e-type=\"widget\" data-widget_type=\"text-editor.default\">\n\t\t\t\t<div class=\"elementor-widget-container\">\n\t\t\t\t\t\t\t\t\t<p>Como individuos somos seres complejos y a\u00fan as\u00ed como conjunto compartimos un sinn\u00famero de comportamientos. Con est\u00e1s metodolog\u00edas develamos eso que nos agrupa<\/p>\t\t\t\t\t\t\t\t<\/div>\n\t\t\t\t<\/div>\n\t\t\t\t\t<\/div>\n\t\t<\/div>\n\t\t\t\t\t<\/div>\n\t\t<\/section>\n\t\t\t\t<section class=\"elementor-section elementor-top-section elementor-element elementor-element-8247c46 elementor-section-boxed elementor-section-height-default elementor-section-height-default\" data-id=\"8247c46\" data-element_type=\"section\" data-e-type=\"section\">\n\t\t\t\t\t\t<div class=\"elementor-container elementor-column-gap-wider\">\n\t\t\t\t\t<div class=\"elementor-column elementor-col-100 elementor-top-column elementor-element elementor-element-0451d20\" data-id=\"0451d20\" data-element_type=\"column\" data-e-type=\"column\">\n\t\t\t<div class=\"elementor-widget-wrap elementor-element-populated\">\n\t\t\t\t\t\t<div class=\"elementor-element elementor-element-c785b68 preserve-img-ratio-cover elementor-widget elementor-widget-the7_elements\" data-id=\"c785b68\" data-element_type=\"widget\" data-e-type=\"widget\" data-widget_type=\"the7_elements.default\">\n\t\t\t\t<div class=\"elementor-widget-container\">\n\t\t\t\t\t<div class=\"portfolio-shortcode the7-elementor-widget the7_elements-c785b68 mode-grid dt-css-grid-wrap bottom-overlap-layout-list description-under-image meta-info-off content-bg-on resize-by-browser-width widget-with-filter loading-effect-none jquery-filter\" data-padding=\"60px\" data-mobile-columns-num=\"1\" data-tablet-columns-num=\"\" data-desktop-columns-num=\"3\" data-wide-desktop-columns-num=\"3\" data-post-limit=\"12\" data-pagination-mode=\"load-more\" data-scroll-offset=\"\" aria-live=\"assertive\"><div class=\"dt-css-grid custom-pagination-handler\"><div class=\"visible wf-cell category-64\" data-post-id=\"7010\" data-date=\"2022-07-11T14:31:17-06:00\" data-name=\"Eco Net Behavior\"><article class=\"post visible post-7010 dt_portfolio type-dt_portfolio status-publish has-post-thumbnail hentry dt_portfolio_category-personas\" data-name=\"Eco Net Behavior\" data-date=\"2022-07-11T14:31:17-06:00\">\n\n\t<div class=\"post-thumbnail-wrap\">\n\t\t<div class=\"post-thumbnail\">\n\n\t\t\t<a class=\"post-thumbnail-rollover layzr-bg img-css-resize-wrapper\" aria-label=\"Post image\" href=\"https:\/\/eco-mr.com\/3.0\/contenido\/net-behavior\/\"><img fetchpriority=\"high\" decoding=\"async\" width=\"1920\" height=\"1280\" src=\"data:image\/svg+xml,%3Csvg%20xmlns%3D&#039;http%3A%2F%2Fwww.w3.org%2F2000%2Fsvg&#039;%20viewBox%3D&#039;0%200%201920%201280&#039;%2F%3E\" class=\"attachment-full size-full preload-me aspect lazy lazy-load\" alt=\"\" sizes=\"(max-width: 1200px) 100vw, 1200px\" style=\"--ratio: 1920 \/ 1280;\" data-src=\"https:\/\/eco-mr.com\/3.0\/wp-content\/uploads\/2022\/07\/maliha-mannan-8gn_WhKv8Ns-unsplash.jpg\" loading=\"eager\" data-srcset=\"https:\/\/i0.wp.com\/eco-mr.com\/3.0\/wp-content\/uploads\/2022\/07\/maliha-mannan-8gn_WhKv8Ns-unsplash.jpg?w=1920&amp;ssl=1 1920w, https:\/\/i0.wp.com\/eco-mr.com\/3.0\/wp-content\/uploads\/2022\/07\/maliha-mannan-8gn_WhKv8Ns-unsplash.jpg?resize=300%2C200&amp;ssl=1 300w, https:\/\/i0.wp.com\/eco-mr.com\/3.0\/wp-content\/uploads\/2022\/07\/maliha-mannan-8gn_WhKv8Ns-unsplash.jpg?resize=1024%2C683&amp;ssl=1 1024w, https:\/\/i0.wp.com\/eco-mr.com\/3.0\/wp-content\/uploads\/2022\/07\/maliha-mannan-8gn_WhKv8Ns-unsplash.jpg?resize=768%2C512&amp;ssl=1 768w, https:\/\/i0.wp.com\/eco-mr.com\/3.0\/wp-content\/uploads\/2022\/07\/maliha-mannan-8gn_WhKv8Ns-unsplash.jpg?resize=1536%2C1024&amp;ssl=1 1536w\" \/><\/a>\n\t\t<\/div>\n\t<\/div>\n\n\n<div class=\"post-entry-content\">\n\n\t<h3 class=\"ele-entry-title\"><a href=\"https:\/\/eco-mr.com\/3.0\/contenido\/net-behavior\/\" rel=\"bookmark\" title=\"Eco Net Behavior\">Eco Net Behavior<\/a><\/h3><div class=\"entry-excerpt\"><p>Entender las tribus en la&hellip;<\/p>\n<\/div>\n<\/div><\/article><\/div><div class=\"visible wf-cell category-64\" data-post-id=\"7015\" data-date=\"2022-07-11T14:34:17-06:00\" data-name=\"Eco Profile\"><article class=\"post visible post-7015 dt_portfolio type-dt_portfolio status-publish has-post-thumbnail hentry dt_portfolio_category-personas\" data-name=\"Eco Profile\" data-date=\"2022-07-11T14:34:17-06:00\">\n\n\t<div class=\"post-thumbnail-wrap\">\n\t\t<div class=\"post-thumbnail\">\n\n\t\t\t<a class=\"post-thumbnail-rollover layzr-bg img-css-resize-wrapper\" aria-label=\"Post image\" href=\"https:\/\/eco-mr.com\/3.0\/contenido\/eco-profile\/\"><img decoding=\"async\" width=\"897\" height=\"896\" src=\"data:image\/svg+xml,%3Csvg%20xmlns%3D&#039;http%3A%2F%2Fwww.w3.org%2F2000%2Fsvg&#039;%20viewBox%3D&#039;0%200%20897%20896&#039;%2F%3E\" class=\"attachment-full size-full preload-me aspect lazy lazy-load\" alt=\"\" sizes=\"(max-width: 897px) 100vw, 897px\" style=\"--ratio: 897 \/ 896;\" data-src=\"https:\/\/eco-mr.com\/3.0\/wp-content\/uploads\/2022\/07\/christian-gertenbach-i6LqbzXqy2A-unsplash-e1658946113955.jpg\" loading=\"eager\" data-srcset=\"https:\/\/i0.wp.com\/eco-mr.com\/3.0\/wp-content\/uploads\/2022\/07\/christian-gertenbach-i6LqbzXqy2A-unsplash-e1658946113955.jpg?w=897&amp;ssl=1 897w, https:\/\/i0.wp.com\/eco-mr.com\/3.0\/wp-content\/uploads\/2022\/07\/christian-gertenbach-i6LqbzXqy2A-unsplash-e1658946113955.jpg?resize=300%2C300&amp;ssl=1 300w, https:\/\/i0.wp.com\/eco-mr.com\/3.0\/wp-content\/uploads\/2022\/07\/christian-gertenbach-i6LqbzXqy2A-unsplash-e1658946113955.jpg?resize=150%2C150&amp;ssl=1 150w, https:\/\/i0.wp.com\/eco-mr.com\/3.0\/wp-content\/uploads\/2022\/07\/christian-gertenbach-i6LqbzXqy2A-unsplash-e1658946113955.jpg?resize=768%2C767&amp;ssl=1 768w\" \/><\/a>\n\t\t<\/div>\n\t<\/div>\n\n\n<div class=\"post-entry-content\">\n\n\t<h3 class=\"ele-entry-title\"><a href=\"https:\/\/eco-mr.com\/3.0\/contenido\/eco-profile\/\" rel=\"bookmark\" title=\"Eco Profile\">Eco Profile<\/a><\/h3><div class=\"entry-excerpt\"><p>Acercar a las marcas a&hellip;<\/p>\n<\/div>\n<\/div><\/article><\/div><\/div><!-- iso-container|iso-grid --><div class=\"paginator filter-decorations paginator-more-button filter-pointer-background\">\n\t\t\t\t<a class=\"button-load-more highlighted filter-item\" href=\"javascript:void(0);\" data-dt-page=\"1\" ><span class=\"button-caption\">Load more<\/span><i aria-hidden=\"true\" class=\"feather feather-more-horizontal\"><\/i><\/a>\n\t\t\t<\/div><\/div>\t\t\t\t<\/div>\n\t\t\t\t<\/div>\n\t\t\t\t\t<\/div>\n\t\t<\/div>\n\t\t\t\t\t<\/div>\n\t\t<\/section>\n\t\t\t\t<\/div>\n\t\t","protected":false},"excerpt":{"rendered":"<p>Como individuos somos seres complejos y a\u00fan as\u00ed como conjunto compartimos un sinn\u00famero de comportamientos. Con est\u00e1s metodolog\u00edas develamos eso que nos agrupa Eco Net Behavior Entender las tribus en la&hellip; Eco Profile Acercar a las marcas a&hellip; Load more<\/p>\n","protected":false},"author":1,"featured_media":0,"parent":496,"menu_order":0,"comment_status":"closed","ping_status":"closed","template":"","meta":{"content-type":"","footnotes":""},"class_list":["post-7536","page","type-page","status-publish","hentry"],"jetpack_sharing_enabled":true,"_links":{"self":[{"href":"https:\/\/eco-mr.com\/3.0\/wp-json\/wp\/v2\/pages\/7536","targetHints":{"allow":["GET"]}}],"collection":[{"href":"https:\/\/eco-mr.com\/3.0\/wp-json\/wp\/v2\/pages"}],"about":[{"href":"https:\/\/eco-mr.com\/3.0\/wp-json\/wp\/v2\/types\/page"}],"author":[{"embeddable":true,"href":"https:\/\/eco-mr.com\/3.0\/wp-json\/wp\/v2\/users\/1"}],"replies":[{"embeddable":true,"href":"https:\/\/eco-mr.com\/3.0\/wp-json\/wp\/v2\/comments?post=7536"}],"version-history":[{"count":16,"href":"https:\/\/eco-mr.com\/3.0\/wp-json\/wp\/v2\/pages\/7536\/revisions"}],"predecessor-version":[{"id":8541,"href":"https:\/\/eco-mr.com\/3.0\/wp-json\/wp\/v2\/pages\/7536\/revisions\/8541"}],"up":[{"embeddable":true,"href":"https:\/\/eco-mr.com\/3.0\/wp-json\/wp\/v2\/pages\/496"}],"wp:attachment":[{"href":"https:\/\/eco-mr.com\/3.0\/wp-json\/wp\/v2\/media?parent=7536"}],"curies":[{"name":"wp","href":"https:\/\/api.w.org\/{rel}","templated":true}]}}